{"id":2201,"date":"2023-03-26T23:35:19","date_gmt":"2023-03-26T23:35:19","guid":{"rendered":"https:\/\/sunfoodyoga.nl\/?page_id=2201"},"modified":"2023-11-25T12:43:12","modified_gmt":"2023-11-25T12:43:12","slug":"boekingspagina-voor-wijze-vrouw-retraite","status":"publish","type":"page","link":"https:\/\/sunfoodyoga.nl\/nl\/boekingspagina-voor-wijze-vrouw-retraite\/","title":{"rendered":"Boekingspagina voor Wise Woman Ways Retreat"},"content":{"rendered":"<div data-elementor-type=\"wp-page\" data-elementor-id=\"2201\" class=\"elementor elementor-2201\" data-elementor-post-type=\"page\">\n\t\t\t\t\t\t<section class=\"elementor-section elementor-top-section elementor-element elementor-element-fc3bc22 elementor-section-boxed elementor-section-height-default elementor-section-height-default\" data-id=\"fc3bc22\" data-element_type=\"section\" data-e-type=\"section\" data-settings=\"{&quot;background_background&quot;:&quot;classic&quot;}\">\n\t\t\t\t\t\t<div class=\"elementor-container elementor-column-gap-default\">\n\t\t\t\t\t<div class=\"elementor-column elementor-col-100 elementor-top-column elementor-element elementor-element-f29d334\" data-id=\"f29d334\" data-element_type=\"column\" data-e-type=\"column\">\n\t\t\t<div class=\"elementor-widget-wrap elementor-element-populated\">\n\t\t\t\t\t\t<div class=\"elementor-element elementor-element-37c115e elementor-absolute elementor-view-default elementor-widget elementor-widget-icon\" data-id=\"37c115e\" data-element_type=\"widget\" data-e-type=\"widget\" data-settings=\"{&quot;_position&quot;:&quot;absolute&quot;}\" data-widget_type=\"icon.default\">\n\t\t\t\t<div class=\"elementor-widget-container\">\n\t\t\t\t\t\t\t<div class=\"elementor-icon-wrapper\">\n\t\t\t<a class=\"elementor-icon\" href=\"https:\/\/sunfoodyoga.nl\/nl\/wijze-vrouwen-retraite\/\">\n\t\t\t<i aria-hidden=\"true\" class=\"fas fa-arrow-circle-left\"><\/i>\t\t\t<\/a>\n\t\t<\/div>\n\t\t\t\t\t\t<\/div>\n\t\t\t\t<\/div>\n\t\t\t\t\t<\/div>\n\t\t<\/div>\n\t\t\t\t\t<\/div>\n\t\t<\/section>\n\t\t\t\t<section class=\"elementor-section elementor-top-section elementor-element elementor-element-72479e3b elementor-section-boxed elementor-section-height-default elementor-section-height-default\" data-id=\"72479e3b\" data-element_type=\"section\" data-e-type=\"section\" data-settings=\"{&quot;background_background&quot;:&quot;classic&quot;}\">\n\t\t\t\t\t\t<div class=\"elementor-container elementor-column-gap-default\">\n\t\t\t\t\t<div class=\"elementor-column elementor-col-100 elementor-top-column elementor-element elementor-element-4794449e\" data-id=\"4794449e\" data-element_type=\"column\" data-e-type=\"column\">\n\t\t\t<div class=\"elementor-widget-wrap elementor-element-populated\">\n\t\t\t\t\t\t<div class=\"elementor-element elementor-element-a8d3b71 elementor-widget elementor-widget-text-editor\" data-id=\"a8d3b71\" data-element_type=\"widget\" data-e-type=\"widget\" data-widget_type=\"text-editor.default\">\n\t\t\t\t<div class=\"elementor-widget-container\">\n\t\t\t\t\t\t\t\t\t<h1><span style=\"color: #ffffff;\">Prijzen<\/span><\/h1><div><span style=\"color: #ffffff;\"><span style=\"caret-color: #ffffff;\">De prijzen zijn inclusief accommodatie, 3 maaltijden per dag, alle lessen, workshops, rituelen en alle materialen, evenals vers bronwater, kruidenthee en gebruik van het zwembad en de sauna.\u00a0<\/span><\/span><\/div><div>\u00a0<\/div>\t\t\t\t\t\t\t\t<\/div>\n\t\t\t\t<\/div>\n\t\t\t\t<div class=\"elementor-element elementor-element-93c32b6 elementor-align-center elementor-widget elementor-widget-button\" data-id=\"93c32b6\" data-element_type=\"widget\" data-e-type=\"widget\" data-widget_type=\"button.default\">\n\t\t\t\t<div class=\"elementor-widget-container\">\n\t\t\t\t\t\t\t\t\t<div class=\"elementor-button-wrapper\">\n\t\t\t\t\t<a class=\"elementor-button elementor-button-link elementor-size-sm\" href=\"https:\/\/docs.google.com\/document\/d\/1u39cmYDsNHzBKK_TGByfT2CXHBz6Zsl8C9-AwEdpgjc\/edit?usp=sharing\">\n\t\t\t\t\t\t<span class=\"elementor-button-content-wrapper\">\n\t\t\t\t\t\t\t\t\t<span class=\"elementor-button-text\">Download PDF voor meer informatie<\/span>\n\t\t\t\t\t<\/span>\n\t\t\t\t\t<\/a>\n\t\t\t\t<\/div>\n\t\t\t\t\t\t\t\t<\/div>\n\t\t\t\t<\/div>\n\t\t\t\t<section class=\"elementor-section elementor-inner-section elementor-element elementor-element-99d52fc elementor-section-boxed elementor-section-height-default elementor-section-height-default\" data-id=\"99d52fc\" data-element_type=\"section\" data-e-type=\"section\">\n\t\t\t\t\t\t<div class=\"elementor-container elementor-column-gap-default\">\n\t\t\t\t\t<div class=\"elementor-column elementor-col-100 elementor-inner-column elementor-element elementor-element-f249551\" data-id=\"f249551\" data-element_type=\"column\" data-e-type=\"column\">\n\t\t\t<div class=\"elementor-widget-wrap elementor-element-populated\">\n\t\t\t\t\t\t<div class=\"elementor-element elementor-element-1f67167e elementor-widget elementor-widget-text-editor\" data-id=\"1f67167e\" data-element_type=\"widget\" data-e-type=\"widget\" data-widget_type=\"text-editor.default\">\n\t\t\t\t<div class=\"elementor-widget-container\">\n\t\t\t\t\t\t\t\t\t<h3><span style=\"color: #ffffff;\">Eenpersoonskamer<\/span><\/h3>\t\t\t\t\t\t\t\t<\/div>\n\t\t\t\t<\/div>\n\t\t\t\t<div class=\"elementor-element elementor-element-b0615ac elementor-widget elementor-widget-text-editor\" data-id=\"b0615ac\" data-element_type=\"widget\" data-e-type=\"widget\" data-widget_type=\"text-editor.default\">\n\t\t\t\t<div class=\"elementor-widget-container\">\n\t\t\t\t\t\t\t\t\t<p><span style=\"color: #ffffff;\">Alle kamers zijn priv\u00e9 - voor sommige kamers deel je een douche met een andere kamer.<\/span><br><\/p>\t\t\t\t\t\t\t\t<\/div>\n\t\t\t\t<\/div>\n\t\t\t\t<div class=\"elementor-element elementor-element-42c02f0 elementor-widget elementor-widget-text-editor\" data-id=\"42c02f0\" data-element_type=\"widget\" data-e-type=\"widget\" data-widget_type=\"text-editor.default\">\n\t\t\t\t<div class=\"elementor-widget-container\">\n\t\t\t\t\t\t\t\t\t<p><span style=\"color: #ffffff;\">1950 \u20ac<\/span><\/p>\t\t\t\t\t\t\t\t<\/div>\n\t\t\t\t<\/div>\n\t\t\t\t<div class=\"elementor-element elementor-element-ff96fb5 elementor-widget elementor-widget-text-editor\" data-id=\"ff96fb5\" data-element_type=\"widget\" data-e-type=\"widget\" data-widget_type=\"text-editor.default\">\n\t\t\t\t<div class=\"elementor-widget-container\">\n\t\t\t\t\t\t\t\t\t<p><span style=\"color: #f5cb61;\">Early Bird Volledig betalen v\u00f3\u00f3r <br \/>30 SEPTEMBER 1950 \u20ac<\/span><\/p>\t\t\t\t\t\t\t\t<\/div>\n\t\t\t\t<\/div>\n\t\t\t\t\t<\/div>\n\t\t<\/div>\n\t\t\t\t\t<\/div>\n\t\t<\/section>\n\t\t\t\t\t<\/div>\n\t\t<\/div>\n\t\t\t\t\t<\/div>\n\t\t<\/section>\n\t\t\t\t<section class=\"elementor-section elementor-top-section elementor-element elementor-element-3f88d18f elementor-section-boxed elementor-section-height-default elementor-section-height-default\" data-id=\"3f88d18f\" data-element_type=\"section\" data-e-type=\"section\" data-settings=\"{&quot;background_background&quot;:&quot;classic&quot;}\">\n\t\t\t\t\t\t<div class=\"elementor-container elementor-column-gap-default\">\n\t\t\t\t\t<div class=\"elementor-column elementor-col-100 elementor-top-column elementor-element elementor-element-62773994\" data-id=\"62773994\" data-element_type=\"column\" data-e-type=\"column\">\n\t\t\t<div class=\"elementor-widget-wrap elementor-element-populated\">\n\t\t\t\t\t\t<div class=\"elementor-element elementor-element-a5ed68a elementor-widget elementor-widget-text-editor\" data-id=\"a5ed68a\" data-element_type=\"widget\" data-e-type=\"widget\" data-widget_type=\"text-editor.default\">\n\t\t\t\t<div class=\"elementor-widget-container\">\n\t\t\t\t\t\t\t\t\t<p><span style=\"font-weight: 400; color: #ffffff;\">Reserveer je plaats door een aanbetaling van \u20ac 350 te doen.\u00a0\u00a0<\/span><\/p><p><span style=\"font-weight: 400; color: #ffffff;\">Als je in termijnen wilt betalen, neem dan contact met ons op!<\/span><\/p>\t\t\t\t\t\t\t\t<\/div>\n\t\t\t\t<\/div>\n\t\t\t\t<div class=\"elementor-element elementor-element-68598c7 elementor-align-center elementor-widget elementor-widget-button\" data-id=\"68598c7\" data-element_type=\"widget\" data-e-type=\"widget\" data-widget_type=\"button.default\">\n\t\t\t\t<div class=\"elementor-widget-container\">\n\t\t\t\t\t\t\t\t\t<div class=\"elementor-button-wrapper\">\n\t\t\t\t\t<a class=\"elementor-button elementor-button-link elementor-size-lg\" href=\"#reserve-now\">\n\t\t\t\t\t\t<span class=\"elementor-button-content-wrapper\">\n\t\t\t\t\t\t\t\t\t<span class=\"elementor-button-text\">Reserveer nu<\/span>\n\t\t\t\t\t<\/span>\n\t\t\t\t\t<\/a>\n\t\t\t\t<\/div>\n\t\t\t\t\t\t\t\t<\/div>\n\t\t\t\t<\/div>\n\t\t\t\t\t<\/div>\n\t\t<\/div>\n\t\t\t\t\t<\/div>\n\t\t<\/section>\n\t\t\t\t<section class=\"elementor-section elementor-top-section elementor-element elementor-element-13689013 elementor-section-boxed elementor-section-height-default elementor-section-height-default\" data-id=\"13689013\" data-element_type=\"section\" data-e-type=\"section\">\n\t\t\t\t\t\t<div class=\"elementor-container elementor-column-gap-default\">\n\t\t\t\t\t<div class=\"elementor-column elementor-col-50 elementor-top-column elementor-element elementor-element-fb0825d\" data-id=\"fb0825d\" data-element_type=\"column\" data-e-type=\"column\">\n\t\t\t<div class=\"elementor-widget-wrap elementor-element-populated\">\n\t\t\t\t\t\t<div class=\"elementor-element elementor-element-26274254 elementor-widget elementor-widget-text-editor\" data-id=\"26274254\" data-element_type=\"widget\" data-e-type=\"widget\" data-widget_type=\"text-editor.default\">\n\t\t\t\t<div class=\"elementor-widget-container\">\n\t\t\t\t\t\t\t\t\t<div class=\"et_pb_module et_pb_text et_pb_text_6 et_pb_bg_layout_light et_pb_text_align_left\"><h3 class=\"et_pb_text_inner\"><strong><span style=\"color: #339966;\">Wat is inbegrepen...<\/span><\/strong><\/h3><ul><li class=\"et_pb_text_inner\">E\u00e9n-op-\u00e9\u00e9n intakegesprek<\/li><li class=\"et_pb_text_inner\">Groepsgesprek voordat we beginnen<\/li><li class=\"et_pb_text_inner\">7 dagen all inclusive accommodatie<\/li><li class=\"et_pb_text_inner\">Alle maaltijden, 3 keer per dag en verfrissingen<\/li><li class=\"et_pb_text_inner\">Ochtendbeoefening van meditatie, pranayama en yoga<\/li><li class=\"et_pb_text_inner\">Dagelijkse workshops en coaching<\/li><li class=\"et_pb_text_inner\">Heilige ceremonies<\/li><li class=\"et_pb_text_inner\">Cacao en viering van de volle maan.<\/li><li class=\"et_pb_text_inner\">9 Maanden van Heilige Cirkels online<\/li><\/ul><\/div>\t\t\t\t\t\t\t\t<\/div>\n\t\t\t\t<\/div>\n\t\t\t\t<div class=\"elementor-element elementor-element-b6b396f elementor-widget elementor-widget-text-editor\" data-id=\"b6b396f\" data-element_type=\"widget\" data-e-type=\"widget\" data-widget_type=\"text-editor.default\">\n\t\t\t\t<div class=\"elementor-widget-container\">\n\t\t\t\t\t\t\t\t\t<div class=\"et_pb_module et_pb_text et_pb_text_6 et_pb_bg_layout_light et_pb_text_align_left\"><p><strong>We kunnen je helpen met je transfer van en naar Malaga Airport naar het Retreat Center.<\/strong><\/p><\/div>\t\t\t\t\t\t\t\t<\/div>\n\t\t\t\t<\/div>\n\t\t\t\t\t<\/div>\n\t\t<\/div>\n\t\t\t\t<div class=\"elementor-column elementor-col-50 elementor-top-column elementor-element elementor-element-1649a368\" data-id=\"1649a368\" data-element_type=\"column\" data-e-type=\"column\">\n\t\t\t<div class=\"elementor-widget-wrap elementor-element-populated\">\n\t\t\t\t\t\t<div class=\"elementor-element elementor-element-40384b31 elementor-widget elementor-widget-text-editor\" data-id=\"40384b31\" data-element_type=\"widget\" data-e-type=\"widget\" data-widget_type=\"text-editor.default\">\n\t\t\t\t<div class=\"elementor-widget-container\">\n\t\t\t\t\t\t\t\t\t<h3 class=\"et_pb_module et_pb_text et_pb_text_6 et_pb_bg_layout_light et_pb_text_align_left\"><strong>Wat is niet inbegrepen:<\/strong><\/h3>\n<div class=\"et_pb_module et_pb_text et_pb_text_9 et_pb_bg_layout_light et_pb_text_align_left\">\n<div class=\"et_pb_text_inner\">\n<div class=\"et_pb_module et_pb_text et_pb_text_7 et_pb_bg_layout_light et_pb_text_align_left\">\n<div class=\"et_pb_text_inner\">\n<p><span style=\"font-weight: 400;\">Extra behandelingen die kunnen worden gekocht<\/span><\/p>\n<p><span style=\"font-weight: 400;\">Transport<\/span><\/p>\n<p><span style=\"font-weight: 400;\">Vluchten&nbsp;<\/span><\/p>\n<p><span style=\"font-weight: 400;\">In onze Godinnenwinkel kun je artikelen kopen die we tijdens het programma gebruiken.<\/span><\/p>\n<\/div>\n<\/div>\n<\/div>\n<\/div>\t\t\t\t\t\t\t\t<\/div>\n\t\t\t\t<\/div>\n\t\t\t\t\t<\/div>\n\t\t<\/div>\n\t\t\t\t\t<\/div>\n\t\t<\/section>\n\t\t\t\t<section class=\"elementor-section elementor-top-section elementor-element elementor-element-572e4576 elementor-section-boxed elementor-section-height-default elementor-section-height-default\" data-id=\"572e4576\" data-element_type=\"section\" data-e-type=\"section\">\n\t\t\t\t\t\t<div class=\"elementor-container elementor-column-gap-default\">\n\t\t\t\t\t<div class=\"elementor-column elementor-col-100 elementor-top-column elementor-element elementor-element-4c3835d4\" data-id=\"4c3835d4\" data-element_type=\"column\" data-e-type=\"column\">\n\t\t\t<div class=\"elementor-widget-wrap elementor-element-populated\">\n\t\t\t\t\t\t<div class=\"elementor-element elementor-element-31fef194 elementor-widget elementor-widget-text-editor\" data-id=\"31fef194\" data-element_type=\"widget\" data-e-type=\"widget\" data-widget_type=\"text-editor.default\">\n\t\t\t\t<div class=\"elementor-widget-container\">\n\t\t\t\t\t\t\t\t\t<h2><strong>Hoe maak je een reservering<\/strong><\/h2><p><b>Je kunt volledig betalen of je plek reserveren door een aanbetaling van \u20ac 350 te doen.<\/b><span style=\"font-weight: 400;\">.\u00a0<\/span><\/p><p><span style=\"font-weight: 400;\">Het resterende bedrag moet op 15 september worden betaald. <br \/>Indien nodig kan deze aanbetaling worden overgedragen aan een andere persoon als je om wat voor reden dan ook niet aanwezig kunt zijn.<\/span><\/p><p><span style=\"font-weight: 400;\">Vul het volgende formulier in.\u00a0<\/span><\/p><p><span style=\"font-weight: 400;\">Je ontvangt binnenkort ons informatiepakket over de retraite, wat je mee moet nemen en hoe je je moet voorbereiden.\u00a0<\/span><\/p><p><span style=\"font-weight: 400;\">We zullen ook een afspraak maken voor een gesprek met een van de facilitators. <\/span><\/p>\t\t\t\t\t\t\t\t<\/div>\n\t\t\t\t<\/div>\n\t\t\t\t\t<\/div>\n\t\t<\/div>\n\t\t\t\t\t<\/div>\n\t\t<\/section>\n\t\t\t\t<section class=\"elementor-section elementor-top-section elementor-element elementor-element-4f9edcd5 elementor-section-boxed elementor-section-height-default elementor-section-height-default\" data-id=\"4f9edcd5\" data-element_type=\"section\" data-e-type=\"section\" id=\"reserve-now\" data-settings=\"{&quot;background_background&quot;:&quot;classic&quot;}\">\n\t\t\t\t\t\t<div class=\"elementor-container elementor-column-gap-default\">\n\t\t\t\t\t<div class=\"elementor-column elementor-col-100 elementor-top-column elementor-element elementor-element-437af29\" data-id=\"437af29\" data-element_type=\"column\" data-e-type=\"column\">\n\t\t\t<div class=\"elementor-widget-wrap elementor-element-populated\">\n\t\t\t\t\t\t<div class=\"elementor-element elementor-element-6cfc67c elementor-widget elementor-widget-text-editor\" data-id=\"6cfc67c\" data-element_type=\"widget\" data-e-type=\"widget\" data-widget_type=\"text-editor.default\">\n\t\t\t\t<div class=\"elementor-widget-container\">\n\t\t\t\t\t\t\t\t\t<h2><span style=\"color: #ffffff;\">Stuur me een bericht!<\/span><\/h2>\t\t\t\t\t\t\t\t<\/div>\n\t\t\t\t<\/div>\n\t\t\t\t<div class=\"elementor-element elementor-element-dbd604f elementor-button-align-center elementor-widget elementor-widget-form\" data-id=\"dbd604f\" data-element_type=\"widget\" data-e-type=\"widget\" data-settings=\"{&quot;step_next_label&quot;:&quot;Next&quot;,&quot;step_previous_label&quot;:&quot;Previous&quot;,&quot;button_width&quot;:&quot;100&quot;,&quot;step_type&quot;:&quot;number_text&quot;,&quot;step_icon_shape&quot;:&quot;circle&quot;}\" data-widget_type=\"form.default\">\n\t\t\t\t<div class=\"elementor-widget-container\">\n\t\t\t\t\t\t\t<form class=\"elementor-form\" method=\"post\" name=\"New Form\" aria-label=\"Nieuw formulier\" action=\"\">\n\t\t\t<input type=\"hidden\" name=\"post_id\" value=\"2201\"\/>\n\t\t\t<input type=\"hidden\" name=\"form_id\" value=\"dbd604f\"\/>\n\t\t\t<input type=\"hidden\" name=\"referer_title\" value=\"Booking Page for Wise Woman Ways Retreat\" \/>\n\n\t\t\t\t\t\t\t<input type=\"hidden\" name=\"queried_id\" value=\"2201\"\/>\n\t\t\t\n\t\t\t<div class=\"elementor-form-fields-wrapper elementor-labels-above\">\n\t\t\t\t\t\t\t\t<div class=\"elementor-field-type-text elementor-field-group elementor-column elementor-field-group-name elementor-col-50\">\n\t\t\t\t\t\t\t\t\t\t\t\t\t<input size=\"1\" type=\"text\" name=\"form_fields[name]\" id=\"form-field-name\" class=\"elementor-field elementor-size-sm  elementor-field-textual\" placeholder=\"Naam\">\n\t\t\t\t\t\t\t\t\t\t\t<\/div>\n\t\t\t\t\t\t\t\t<div class=\"elementor-field-type-email elementor-field-group elementor-column elementor-field-group-email elementor-col-50 elementor-field-required\">\n\t\t\t\t\t\t\t\t\t\t\t\t\t<input size=\"1\" type=\"email\" name=\"form_fields[email]\" id=\"form-field-email\" class=\"elementor-field elementor-size-sm  elementor-field-textual\" placeholder=\"E-mail\" required=\"required\">\n\t\t\t\t\t\t\t\t\t\t\t<\/div>\n\t\t\t\t\t\t\t\t<div class=\"elementor-field-type-textarea elementor-field-group elementor-column elementor-field-group-message elementor-col-100\">\n\t\t\t\t\t<textarea class=\"elementor-field-textual elementor-field  elementor-size-sm\" name=\"form_fields[message]\" id=\"form-field-message\" rows=\"4\" placeholder=\"Heb je nog vragen?\"><\/textarea>\t\t\t\t<\/div>\n\t\t\t\t\t\t\t\t<div class=\"elementor-field-group elementor-column elementor-field-type-submit elementor-col-100 e-form__buttons\">\n\t\t\t\t\t<button class=\"elementor-button elementor-size-sm\" type=\"submit\">\n\t\t\t\t\t\t<span class=\"elementor-button-content-wrapper\">\n\t\t\t\t\t\t\t\t\t\t\t\t\t\t\t\t\t\t\t\t\t\t<span class=\"elementor-button-text\">Stuur<\/span>\n\t\t\t\t\t\t\t\t\t\t\t\t\t<\/span>\n\t\t\t\t\t<\/button>\n\t\t\t\t<\/div>\n\t\t\t<\/div>\n\t\t<input type=\"hidden\" name=\"trp-form-language\" value=\"nl\"\/><\/form>\n\t\t\t\t\t\t<\/div>\n\t\t\t\t<\/div>\n\t\t\t\t\t<\/div>\n\t\t<\/div>\n\t\t\t\t\t<\/div>\n\t\t<\/section>\n\t\t\t\t<\/div>","protected":false},"excerpt":{"rendered":"<p>Prices Prices include accommodation, 3 meals a day, all tuition, workshops, rituals, and all materials, as well as fresh spring water, herbal teas, and use of the swimming pool and sauna, and more.\u00a0\u00a0 Download PDF for more info Single Room All rooms are private &#8211; for some rooms you will be sharing a shower with [&hellip;]<\/p>","protected":false},"author":1,"featured_media":4765,"parent":0,"menu_order":0,"comment_status":"closed","ping_status":"closed","template":"elementor_canvas","meta":{"content-type":"","om_disable_all_campaigns":false,"wprm-recipe-roundup-name":"","wprm-recipe-roundup-description":"","_monsterinsights_skip_tracking":false,"_monsterinsights_sitenote_active":false,"_monsterinsights_sitenote_note":"","_monsterinsights_sitenote_category":0,"_uf_show_specific_survey":0,"_uf_disable_surveys":false,"footnotes":""},"class_list":["post-2201","page","type-page","status-publish","has-post-thumbnail","hentry"],"aioseo_notices":[],"_links":{"self":[{"href":"https:\/\/sunfoodyoga.nl\/nl\/wp-json\/wp\/v2\/pages\/2201","targetHints":{"allow":["GET"]}}],"collection":[{"href":"https:\/\/sunfoodyoga.nl\/nl\/wp-json\/wp\/v2\/pages"}],"about":[{"href":"https:\/\/sunfoodyoga.nl\/nl\/wp-json\/wp\/v2\/types\/page"}],"author":[{"embeddable":true,"href":"https:\/\/sunfoodyoga.nl\/nl\/wp-json\/wp\/v2\/users\/1"}],"replies":[{"embeddable":true,"href":"https:\/\/sunfoodyoga.nl\/nl\/wp-json\/wp\/v2\/comments?post=2201"}],"version-history":[{"count":126,"href":"https:\/\/sunfoodyoga.nl\/nl\/wp-json\/wp\/v2\/pages\/2201\/revisions"}],"predecessor-version":[{"id":5316,"href":"https:\/\/sunfoodyoga.nl\/nl\/wp-json\/wp\/v2\/pages\/2201\/revisions\/5316"}],"wp:featuredmedia":[{"embeddable":true,"href":"https:\/\/sunfoodyoga.nl\/nl\/wp-json\/wp\/v2\/media\/4765"}],"wp:attachment":[{"href":"https:\/\/sunfoodyoga.nl\/nl\/wp-json\/wp\/v2\/media?parent=2201"}],"curies":[{"name":"wp","href":"https:\/\/api.w.org\/{rel}","templated":true}]}}